{"id":398104,"date":"2024-07-18T20:31:49","date_gmt":"2024-07-19T00:31:49","guid":{"rendered":"https:\/\/montstmathieu.com\/golf\/cours\/"},"modified":"2025-11-20T13:47:29","modified_gmt":"2025-11-20T18:47:29","slug":"cours","status":"publish","type":"page","link":"https:\/\/staging.montstmathieu.com\/en\/golf\/cours\/","title":{"rendered":"Cours"},"content":{"rendered":"\t\t<div data-elementor-type=\"wp-page\" data-elementor-id=\"398104\" class=\"elementor elementor-398104 elementor-25188\" data-elementor-post-type=\"page\">\n\t\t\t\t<div class=\"elementor-element elementor-element-0bfc7b2 e-flex e-con-boxed sc_layouts_column_icons_position_left e-con e-parent\" data-id=\"0bfc7b2\" data-element_type=\"container\" data-e-type=\"container\" data-settings=\"{&quot;background_background&quot;:&quot;classic&quot;}\">\n\t\t\t\t\t<div class=\"e-con-inner\">\n\t\t\t\t<div class=\"elementor-element elementor-element-692fd62 sc_fly_static elementor-widget elementor-widget-spacer\" data-id=\"692fd62\" data-element_type=\"widget\" data-e-type=\"widget\" data-widget_type=\"spacer.default\">\n\t\t\t\t<div class=\"elementor-widget-container\">\n\t\t\t\t\t\t\t<div class=\"elementor-spacer\">\n\t\t\t<div class=\"elementor-spacer-inner\"><\/div>\n\t\t<\/div>\n\t\t\t\t\t\t<\/div>\n\t\t\t\t<\/div>\n\t\t\t\t\t<\/div>\n\t\t\t\t<\/div>\n\t\t<div class=\"elementor-element elementor-element-6a8091f e-flex e-con-boxed sc_layouts_column_icons_position_left e-con e-parent\" data-id=\"6a8091f\" data-element_type=\"container\" data-e-type=\"container\" data-settings=\"{&quot;background_background&quot;:&quot;classic&quot;}\">\n\t\t\t\t\t<div class=\"e-con-inner\">\n\t\t\t\t<div class=\"elementor-element elementor-element-95b122d sc_fly_static elementor-widget elementor-widget-heading\" data-id=\"95b122d\" data-element_type=\"widget\" data-e-type=\"widget\" data-widget_type=\"heading.default\">\n\t\t\t\t<div class=\"elementor-widget-container\">\n\t\t\t\t\t<h2 class=\"elementor-heading-title elementor-size-default\">Private class<\/h2>\t\t\t\t<\/div>\n\t\t\t\t<\/div>\n\t\t<div class=\"elementor-element elementor-element-0b658cc e-con-full e-flex sc_layouts_column_icons_position_left e-con e-child\" data-id=\"0b658cc\" data-element_type=\"container\" data-e-type=\"container\">\n\t\t<div class=\"elementor-element elementor-element-c7dec2f e-con-full e-flex sc_layouts_column_icons_position_left e-con e-child\" data-id=\"c7dec2f\" data-element_type=\"container\" data-e-type=\"container\">\n\t\t\t\t<div class=\"elementor-element elementor-element-193a5ef sc_fly_static elementor-widget elementor-widget-image\" data-id=\"193a5ef\" data-element_type=\"widget\" data-e-type=\"widget\" data-widget_type=\"image.default\">\n\t\t\t\t<div class=\"elementor-widget-container\">\n\t\t\t\t\t\t\t\t\t\t\t\t\t\t\t<img fetchpriority=\"high\" decoding=\"async\" width=\"750\" height=\"460\" src=\"https:\/\/staging.montstmathieu.com\/wp-content\/uploads\/2024\/07\/SuzanneRoseProPGA.jpg\" class=\"attachment-large size-large wp-image-398063\" alt=\"\" srcset=\"https:\/\/staging.montstmathieu.com\/wp-content\/uploads\/2024\/07\/SuzanneRoseProPGA.jpg 750w, https:\/\/staging.montstmathieu.com\/wp-content\/uploads\/2024\/07\/SuzanneRoseProPGA-300x184.jpg 300w, https:\/\/staging.montstmathieu.com\/wp-content\/uploads\/2024\/07\/SuzanneRoseProPGA-370x227.jpg 370w, https:\/\/staging.montstmathieu.com\/wp-content\/uploads\/2024\/07\/SuzanneRoseProPGA-410x251.jpg 410w, https:\/\/staging.montstmathieu.com\/wp-content\/uploads\/2024\/07\/SuzanneRoseProPGA-600x368.jpg 600w\" sizes=\"(max-width: 750px) 100vw, 750px\" \/>\t\t\t\t\t\t\t\t\t\t\t\t\t\t\t<\/div>\n\t\t\t\t<\/div>\n\t\t\t\t<\/div>\n\t\t<div class=\"elementor-element elementor-element-a6973f6 e-con-full e-flex sc_layouts_column_icons_position_left e-con e-child\" data-id=\"a6973f6\" data-element_type=\"container\" data-e-type=\"container\">\n\t\t\t\t<div class=\"elementor-element elementor-element-217d3a5 sc_fly_static elementor-widget elementor-widget-text-editor\" data-id=\"217d3a5\" data-element_type=\"widget\" data-e-type=\"widget\" data-widget_type=\"text-editor.default\">\n\t\t\t\t<div class=\"elementor-widget-container\">\n\t\t\t\t\t\t\t\t\t<p class=\"p1\"><strong>Learn golf with Suzanne Rose, a PGA of Canada certified professional since 2018.<\/strong><\/p><p class=\"p1\">Whether you are a beginner or an experienced player, take advantage of personalized private lessons tailored to your skill level. Suzanne teaches simple, effective techniques that help you progress quickly while enjoying the game.<\/p><p class=\"p1\">Based in the Basques region, she supports you with passion and good humour, ensuring your learning experience is both enjoyable and motivating.<\/p>\t\t\t\t\t\t\t\t<\/div>\n\t\t\t\t<\/div>\n\t\t<div class=\"elementor-element elementor-element-74c1103 e-con-full e-flex sc_layouts_column_icons_position_left e-con e-child\" data-id=\"74c1103\" data-element_type=\"container\" data-e-type=\"container\">\n\t\t\t\t<div class=\"elementor-element elementor-element-0de8a3d elementor-align-center sc_fly_static elementor-widget elementor-widget-button\" data-id=\"0de8a3d\" data-element_type=\"widget\" data-e-type=\"widget\" data-widget_type=\"button.default\">\n\t\t\t\t<div class=\"elementor-widget-container\">\n\t\t\t\t\t\t\t\t\t<div class=\"elementor-button-wrapper\">\n\t\t\t\t\t<a class=\"elementor-button elementor-button-link elementor-size-sm\" href=\"tel:4187382298\">\n\t\t\t\t\t\t<span class=\"elementor-button-content-wrapper\">\n\t\t\t\t\t\t\t\t\t<span class=\"elementor-button-text\">Contact us<\/span>\n\t\t\t\t\t<\/span>\n\t\t\t\t\t<\/a>\n\t\t\t\t<\/div>\n\t\t\t\t\t\t\t\t<\/div>\n\t\t\t\t<\/div>\n\t\t\t\t<\/div>\n\t\t\t\t<\/div>\n\t\t\t\t<\/div>\n\t\t\t\t\t<\/div>\n\t\t\t\t<\/div>\n\t\t\t\t<\/div>\n\t\t","protected":false},"excerpt":{"rendered":"<p>Private class Learn golf with Suzanne Rose, a PGA of Canada certified professional since 2018.&hellip;<\/p>\n","protected":false},"author":1,"featured_media":0,"parent":398027,"menu_order":0,"comment_status":"closed","ping_status":"closed","template":"","meta":{"footnotes":""},"class_list":["post-398104","page","type-page","status-publish","hentry"],"yoast_head":"<!-- This site is optimized with the Yoast SEO plugin v27.3 - https:\/\/yoast.com\/product\/yoast-seo-wordpress\/ -->\n<title>Cours - Parc du Mont St-Mathieu<\/title>\n<meta name=\"description\" content=\"Apprenez le golf avec Suzanne Rose, pro PGA du Canada depuis 2018. Cours de golf priv\u00e9s adapt\u00e9s \u00e0 tous niveaux, plaisir et progr\u00e8s garantis dans la r\u00e9gion des Basques.\" \/>\n<meta name=\"robots\" content=\"index, follow, max-snippet:-1, max-image-preview:large, max-video-preview:-1\" \/>\n<link rel=\"canonical\" href=\"https:\/\/staging.montstmathieu.com\/en\/golf\/cours\/\" \/>\n<meta property=\"og:locale\" content=\"en_US\" \/>\n<meta property=\"og:type\" content=\"article\" \/>\n<meta property=\"og:title\" content=\"Cours - Parc du Mont St-Mathieu\" \/>\n<meta property=\"og:description\" content=\"Apprenez le golf avec Suzanne Rose, pro PGA du Canada depuis 2018. Cours de golf priv\u00e9s adapt\u00e9s \u00e0 tous niveaux, plaisir et progr\u00e8s garantis dans la r\u00e9gion des Basques.\" \/>\n<meta property=\"og:url\" content=\"https:\/\/staging.montstmathieu.com\/en\/golf\/cours\/\" \/>\n<meta property=\"og:site_name\" content=\"Parc du Mont St-Mathieu\" \/>\n<meta property=\"article:modified_time\" content=\"2025-11-20T18:47:29+00:00\" \/>\n<meta property=\"og:image\" content=\"https:\/\/staging.montstmathieu.com\/wp-content\/uploads\/2024\/07\/SuzanneRoseProPGA.jpg\" \/>\n\t<meta property=\"og:image:width\" content=\"750\" \/>\n\t<meta property=\"og:image:height\" content=\"460\" \/>\n\t<meta property=\"og:image:type\" content=\"image\/jpeg\" \/>\n<meta name=\"twitter:card\" content=\"summary_large_image\" \/>\n<meta name=\"twitter:label1\" content=\"Est. reading time\" \/>\n\t<meta name=\"twitter:data1\" content=\"1 minute\" \/>\n<!-- \/ Yoast SEO plugin. -->","yoast_head_json":{"title":"Cours - Parc du Mont St-Mathieu","description":"Apprenez le golf avec Suzanne Rose, pro PGA du Canada depuis 2018. Cours de golf priv\u00e9s adapt\u00e9s \u00e0 tous niveaux, plaisir et progr\u00e8s garantis dans la r\u00e9gion des Basques.","robots":{"index":"index","follow":"follow","max-snippet":"max-snippet:-1","max-image-preview":"max-image-preview:large","max-video-preview":"max-video-preview:-1"},"canonical":"https:\/\/staging.montstmathieu.com\/en\/golf\/cours\/","og_locale":"en_US","og_type":"article","og_title":"Cours - Parc du Mont St-Mathieu","og_description":"Apprenez le golf avec Suzanne Rose, pro PGA du Canada depuis 2018. Cours de golf priv\u00e9s adapt\u00e9s \u00e0 tous niveaux, plaisir et progr\u00e8s garantis dans la r\u00e9gion des Basques.","og_url":"https:\/\/staging.montstmathieu.com\/en\/golf\/cours\/","og_site_name":"Parc du Mont St-Mathieu","article_modified_time":"2025-11-20T18:47:29+00:00","og_image":[{"width":750,"height":460,"url":"https:\/\/staging.montstmathieu.com\/wp-content\/uploads\/2024\/07\/SuzanneRoseProPGA.jpg","type":"image\/jpeg"}],"twitter_card":"summary_large_image","twitter_misc":{"Est. reading time":"1 minute"},"schema":{"@context":"https:\/\/schema.org","@graph":[{"@type":"WebPage","@id":"https:\/\/staging.montstmathieu.com\/en\/golf\/cours\/","url":"https:\/\/staging.montstmathieu.com\/en\/golf\/cours\/","name":"Cours - Parc du Mont St-Mathieu","isPartOf":{"@id":"https:\/\/montstmathieu.com\/#website"},"primaryImageOfPage":{"@id":"https:\/\/staging.montstmathieu.com\/en\/golf\/cours\/#primaryimage"},"image":{"@id":"https:\/\/staging.montstmathieu.com\/en\/golf\/cours\/#primaryimage"},"thumbnailUrl":"https:\/\/montstmathieu.com\/wp-content\/uploads\/2024\/07\/SuzanneRoseProPGA.jpg","datePublished":"2024-07-19T00:31:49+00:00","dateModified":"2025-11-20T18:47:29+00:00","description":"Apprenez le golf avec Suzanne Rose, pro PGA du Canada depuis 2018. Cours de golf priv\u00e9s adapt\u00e9s \u00e0 tous niveaux, plaisir et progr\u00e8s garantis dans la r\u00e9gion des Basques.","breadcrumb":{"@id":"https:\/\/staging.montstmathieu.com\/en\/golf\/cours\/#breadcrumb"},"inLanguage":"en-US","potentialAction":[{"@type":"ReadAction","target":["https:\/\/staging.montstmathieu.com\/en\/golf\/cours\/"]}]},{"@type":"ImageObject","inLanguage":"en-US","@id":"https:\/\/staging.montstmathieu.com\/en\/golf\/cours\/#primaryimage","url":"https:\/\/montstmathieu.com\/wp-content\/uploads\/2024\/07\/SuzanneRoseProPGA.jpg","contentUrl":"https:\/\/montstmathieu.com\/wp-content\/uploads\/2024\/07\/SuzanneRoseProPGA.jpg"},{"@type":"BreadcrumbList","@id":"https:\/\/staging.montstmathieu.com\/en\/golf\/cours\/#breadcrumb","itemListElement":[{"@type":"ListItem","position":1,"name":"Accueil","item":"https:\/\/montstmathieu.com\/en\/"},{"@type":"ListItem","position":2,"name":"Golf","item":"https:\/\/montstmathieu.com\/en\/golf\/"},{"@type":"ListItem","position":3,"name":"Cours"}]},{"@type":"WebSite","@id":"https:\/\/montstmathieu.com\/#website","url":"https:\/\/montstmathieu.com\/","name":"Parc du Mont St-Mathieu","description":"Ski, Golf, V\u00e9lo","publisher":{"@id":"https:\/\/montstmathieu.com\/#organization"},"potentialAction":[{"@type":"SearchAction","target":{"@type":"EntryPoint","urlTemplate":"https:\/\/montstmathieu.com\/?s={search_term_string}"},"query-input":{"@type":"PropertyValueSpecification","valueRequired":true,"valueName":"search_term_string"}}],"inLanguage":"en-US"},{"@type":"Organization","@id":"https:\/\/montstmathieu.com\/#organization","name":"Parc du Mont St-Mathieu","url":"https:\/\/montstmathieu.com\/","logo":{"@type":"ImageObject","inLanguage":"en-US","@id":"https:\/\/montstmathieu.com\/#\/schema\/logo\/image\/","url":"https:\/\/staging.montstmathieu.com\/wp-content\/uploads\/2024\/06\/PMSM_Renverse_horizontal.png","contentUrl":"https:\/\/staging.montstmathieu.com\/wp-content\/uploads\/2024\/06\/PMSM_Renverse_horizontal.png","width":701,"height":200,"caption":"Parc du Mont St-Mathieu"},"image":{"@id":"https:\/\/montstmathieu.com\/#\/schema\/logo\/image\/"}}]}},"_links":{"self":[{"href":"https:\/\/staging.montstmathieu.com\/en\/wp-json\/wp\/v2\/pages\/398104","targetHints":{"allow":["GET"]}}],"collection":[{"href":"https:\/\/staging.montstmathieu.com\/en\/wp-json\/wp\/v2\/pages"}],"about":[{"href":"https:\/\/staging.montstmathieu.com\/en\/wp-json\/wp\/v2\/types\/page"}],"author":[{"embeddable":true,"href":"https:\/\/staging.montstmathieu.com\/en\/wp-json\/wp\/v2\/users\/1"}],"replies":[{"embeddable":true,"href":"https:\/\/staging.montstmathieu.com\/en\/wp-json\/wp\/v2\/comments?post=398104"}],"version-history":[{"count":6,"href":"https:\/\/staging.montstmathieu.com\/en\/wp-json\/wp\/v2\/pages\/398104\/revisions"}],"predecessor-version":[{"id":400657,"href":"https:\/\/staging.montstmathieu.com\/en\/wp-json\/wp\/v2\/pages\/398104\/revisions\/400657"}],"up":[{"embeddable":true,"href":"https:\/\/staging.montstmathieu.com\/en\/wp-json\/wp\/v2\/pages\/398027"}],"wp:attachment":[{"href":"https:\/\/staging.montstmathieu.com\/en\/wp-json\/wp\/v2\/media?parent=398104"}],"curies":[{"name":"wp","href":"https:\/\/api.w.org\/{rel}","templated":true}]}}